{"id":10,"date":"2026-04-06T11:33:40","date_gmt":"2026-04-06T09:33:40","guid":{"rendered":"https:\/\/blue-ferret-216658.hostingersite.com\/?page_id=10"},"modified":"2026-04-13T17:25:26","modified_gmt":"2026-04-13T15:25:26","slug":"inicio","status":"publish","type":"page","link":"https:\/\/a2z-translate.com\/ro\/","title":{"rendered":"Inicio"},"content":{"rendered":"<div data-elementor-type=\"wp-page\" data-elementor-id=\"10\" class=\"elementor elementor-10\">\n\t\t\t\t<div class=\"elementor-element elementor-element-189a9f8 e-flex e-con-boxed e-con e-parent\" data-id=\"189a9f8\" data-element_type=\"container\" data-e-type=\"container\" data-settings=\"{&quot;background_background&quot;:&quot;gradient&quot;}\">\n\t\t\t\t\t<div class=\"e-con-inner\">\n\t\t\t\t<div class=\"elementor-element elementor-element-354b21b elementor-widget elementor-widget-heading\" data-id=\"354b21b\" data-element_type=\"widget\" data-e-type=\"widget\" data-widget_type=\"heading.default\">\n\t\t\t\t\t<h1 class=\"elementor-heading-title elementor-size-default\">Traducciones profesionales en las que puedes confiar<\/h1>\t\t\t\t<\/div>\n\t\t\t\t\t\t\t\t<p class=\"e-9e4db49-aa44b5a e-paragraph-base\" data-interaction-id=\"9e4db49\"  >\n\t\t\t\t\t\t\t\tServicios de traducci\u00f3n jurada y profesional entre espa\u00f1ol, rumano, ingl\u00e9s y otros idiomas. <br>Documentos legales, t\u00e9cnicos y comerciales con calidad garantizada.\n\t\t\t\t\t<\/p>\n\t\t\t\t<div class=\"elementor-element elementor-element-04e3d63 elementor-widget elementor-widget-button\" data-id=\"04e3d63\" data-element_type=\"widget\" data-e-type=\"widget\" data-widget_type=\"button.default\">\n\t\t\t\t\t\t\t\t\t\t<a class=\"elementor-button elementor-button-link elementor-size-sm\" href=\"\/ro\/presupuesto\/\">\n\t\t\t\t\t\t<span class=\"elementor-button-content-wrapper\">\n\t\t\t\t\t\t\t\t\t<span class=\"elementor-button-text\">Solicitar presupuesto<\/span>\n\t\t\t\t\t<\/span>\n\t\t\t\t\t<\/a>\n\t\t\t\t\t\t\t\t<\/div>\n\t\t\t\t\t<\/div>\n\t\t\t\t<\/div>\n\t\t<div class=\"elementor-element elementor-element-f12bf7b e-flex e-con-boxed e-con e-parent\" data-id=\"f12bf7b\" data-element_type=\"container\" data-e-type=\"container\">\n\t\t\t\t\t<div class=\"e-con-inner\">\n\t\t\t\t<div class=\"elementor-element elementor-element-3ef6fea elementor-widget elementor-widget-heading\" data-id=\"3ef6fea\" data-element_type=\"widget\" data-e-type=\"widget\" data-widget_type=\"heading.default\">\n\t\t\t\t\t<h2 class=\"elementor-heading-title elementor-size-default\">Nuestros servicios<\/h2>\t\t\t\t<\/div>\n\t\t\t\t\t\t\t\t<p class=\"e-7676289-d65c51c e-paragraph-base\" data-interaction-id=\"7676289\"  >\n\t\t\t\t\t\t\t\t<strong id=\"e-mnxbu4t1-yeobi0f\">Soluciones ling\u00fc\u00edsticas profesionales adaptadas a tus necesidades<\/strong>\n\t\t\t\t\t<\/p>\n\t\t\t\t\t<\/div>\n\t\t\t\t<\/div>\n\t\t<div class=\"elementor-element elementor-element-4837dc2 e-flex e-con-boxed e-con e-parent\" data-id=\"4837dc2\" data-element_type=\"container\" data-e-type=\"container\">\n\t\t\t\t\t<div class=\"e-con-inner\">\n\t\t<div class=\"elementor-element elementor-element-a7f1818 e-con-full e-flex e-con e-child\" data-id=\"a7f1818\" data-element_type=\"container\" data-e-type=\"container\">\n\t\t\t\t<div class=\"elementor-element elementor-element-24e4c8a elementor-widget elementor-widget-heading\" data-id=\"24e4c8a\" data-element_type=\"widget\" data-e-type=\"widget\" data-widget_type=\"heading.default\">\n\t\t\t\t\t<h3 class=\"elementor-heading-title elementor-size-default\">Traducci\u00f3n Jurada<\/h3>\t\t\t\t<\/div>\n\t\t\t\t\t\t\t\t<p class=\"e-8144d78-221d745 e-paragraph-base\" data-interaction-id=\"8144d78\"  >\n\t\t\t\t\t\t\t\tTraducciones oficiales con validez legal para documentos de identidad, notariales, judiciales y acad\u00e9micos.\n\t\t\t\t\t<\/p>\n\t\t\t\t<\/div>\n\t\t<div class=\"elementor-element elementor-element-b65fdd8 e-con-full e-flex e-con e-child\" data-id=\"b65fdd8\" data-element_type=\"container\" data-e-type=\"container\">\n\t\t\t\t<div class=\"elementor-element elementor-element-e2c3375 elementor-widget elementor-widget-heading\" data-id=\"e2c3375\" data-element_type=\"widget\" data-e-type=\"widget\" data-widget_type=\"heading.default\">\n\t\t\t\t\t<h3 class=\"elementor-heading-title elementor-size-default\">Traducci\u00f3n T\u00e9cnica<\/h3>\t\t\t\t<\/div>\n\t\t\t\t\t\t\t\t<p class=\"e-829b95a-2aec2a8 e-paragraph-base\" data-interaction-id=\"829b95a\"  >\n\t\t\t\t\t\t\t\tManuales, informes, contratos y documentaci\u00f3n especializada con terminolog\u00eda precisa.\n\t\t\t\t\t<\/p>\n\t\t\t\t<\/div>\n\t\t<div class=\"elementor-element elementor-element-588bcee e-con-full e-flex e-con e-child\" data-id=\"588bcee\" data-element_type=\"container\" data-e-type=\"container\">\n\t\t\t\t<div class=\"elementor-element elementor-element-91f7894 elementor-widget elementor-widget-heading\" data-id=\"91f7894\" data-element_type=\"widget\" data-e-type=\"widget\" data-widget_type=\"heading.default\">\n\t\t\t\t\t<h3 class=\"elementor-heading-title elementor-size-default\">Traducci\u00f3n General<\/h3>\t\t\t\t<\/div>\n\t\t\t\t\t\t\t\t<p class=\"e-2cfc595-66f2455 e-paragraph-base\" data-interaction-id=\"2cfc595\"  >\n\t\t\t\t\t\t\t\tTextos comerciales, webs, correos y comunicaciones con tono adaptado a cada contexto.\n\t\t\t\t\t<\/p>\n\t\t\t\t<\/div>\n\t\t<div class=\"elementor-element elementor-element-dbe5047 e-con-full e-flex e-con e-child\" data-id=\"dbe5047\" data-element_type=\"container\" data-e-type=\"container\">\n\t\t\t\t<div class=\"elementor-element elementor-element-9173b85 elementor-widget elementor-widget-heading\" data-id=\"9173b85\" data-element_type=\"widget\" data-e-type=\"widget\" data-widget_type=\"heading.default\">\n\t\t\t\t\t<h3 class=\"elementor-heading-title elementor-size-default\">Interpretaci\u00f3n Presencial<\/h3>\t\t\t\t<\/div>\n\t\t\t\t\t\t\t\t<p class=\"e-bd8217e-1ce482b e-paragraph-base\" data-interaction-id=\"bd8217e\"  >\n\t\t\t\t\t\t\t\tAcompa\u00f1amiento e interpretaci\u00f3n en juzgados, notar\u00edas, comisar\u00edas y reuniones oficiales. Servicio profesional y confidencial.\n\t\t\t\t\t<\/p>\n\t\t\t\t<\/div>\n\t\t\t\t\t<\/div>\n\t\t\t\t<\/div>\n\t\t<div class=\"elementor-element elementor-element-9a72552 e-flex e-con-boxed e-con e-parent\" data-id=\"9a72552\" data-element_type=\"container\" data-e-type=\"container\">\n\t\t\t\t\t<div class=\"e-con-inner\">\n\t\t\t\t<div class=\"elementor-element elementor-element-7cebcc6 elementor-widget elementor-widget-heading\" data-id=\"7cebcc6\" data-element_type=\"widget\" data-e-type=\"widget\" data-widget_type=\"heading.default\">\n\t\t\t\t\t<h2 class=\"elementor-heading-title elementor-size-default\"><strong>Idiomas de trabajo<\/strong><\/h2>\t\t\t\t<\/div>\n\t\t\t\t\t\t\t\t<p class=\"e-8023e92-0970ee9 e-paragraph-base\" data-interaction-id=\"8023e92\"  >\n\t\t\t\t\t\t\t\t<strong id=\"e-mnxbzgio-gkfhpl5\">Traducimos entre los principales idiomas europeos, con especializaci\u00f3n en combinaciones espa\u00f1ol-rumano e ingl\u00e9s.<\/strong>\n\t\t\t\t\t<\/p>\n\t\t\t\t\t\t\t\t<p class=\"e-3e2002e-8c89aeb e-paragraph-base\" data-interaction-id=\"3e2002e\"  >\n\t\t\t\t\t\t\t\t Espa\u00f1ol \u2022  Rumano \u2022  Ingl\u00e9s \u2022  Franc\u00e9s \u2022  Alem\u00e1n \u2022  Italiano \u2022  Portugu\u00e9s\n\t\t\t\t\t<\/p>\n\t\t\t\t\t<\/div>\n\t\t\t\t<\/div>\n\t\t\t\t<\/div>","protected":false},"excerpt":{"rendered":"<p>Traducciones profesionales en las que puedes confiar Servicios de traducci\u00f3n jurada y profesional entre espa\u00f1ol, rumano, ingl\u00e9s y otros idiomas. [&hellip;]<\/p>\n","protected":false},"author":1,"featured_media":0,"parent":0,"menu_order":0,"comment_status":"closed","ping_status":"closed","template":"","meta":{"site-sidebar-layout":"no-sidebar","site-content-layout":"","ast-site-content-layout":"full-width-container","site-content-style":"default","site-sidebar-style":"default","ast-global-header-display":"","ast-banner-title-visibility":"","ast-main-header-display":"","ast-hfb-above-header-display":"","ast-hfb-below-header-display":"","ast-hfb-mobile-header-display":"","site-post-title":"disabled","ast-breadcrumbs-content":"","ast-featured-img":"disabled","footer-sml-layout":"","ast-disable-related-posts":"","theme-transparent-header-meta":"","adv-header-id-meta":"","stick-header-meta":"","header-above-stick-meta":"","header-main-stick-meta":"","header-below-stick-meta":"","astra-migrate-meta-layouts":"default","ast-page-background-enabled":"default","ast-page-background-meta":{"desktop":{"background-color":"var(--ast-global-color-5)","background-image":"","background-repeat":"repeat","background-position":"center center","background-size":"auto","background-attachment":"scroll","background-type":"","background-media":"","overlay-type":"","overlay-color":"","overlay-opacity":"","overlay-gradient":""},"tablet":{"background-color":"","background-image":"","background-repeat":"repeat","background-position":"center center","background-size":"auto","background-attachment":"scroll","background-type":"","background-media":"","overlay-type":"","overlay-color":"","overlay-opacity":"","overlay-gradient":""},"mobile":{"background-color":"","background-image":"","background-repeat":"repeat","background-position":"center center","background-size":"auto","background-attachment":"scroll","background-type":"","background-media":"","overlay-type":"","overlay-color":"","overlay-opacity":"","overlay-gradient":""}},"ast-content-background-meta":{"desktop":{"background-color":"var(--ast-global-color-4)","background-image":"","background-repeat":"repeat","background-position":"center center","background-size":"auto","background-attachment":"scroll","background-type":"","background-media":"","overlay-type":"","overlay-color":"","overlay-opacity":"","overlay-gradient":""},"tablet":{"background-color":"var(--ast-global-color-4)","background-image":"","background-repeat":"repeat","background-position":"center center","background-size":"auto","background-attachment":"scroll","background-type":"","background-media":"","overlay-type":"","overlay-color":"","overlay-opacity":"","overlay-gradient":""},"mobile":{"background-color":"var(--ast-global-color-4)","background-image":"","background-repeat":"repeat","background-position":"center center","background-size":"auto","background-attachment":"scroll","background-type":"","background-media":"","overlay-type":"","overlay-color":"","overlay-opacity":"","overlay-gradient":""}},"footnotes":""},"class_list":["post-10","page","type-page","status-publish","hentry"],"yoast_head":"<!-- This site is optimized with the Yoast SEO plugin v27.3 - https:\/\/yoast.com\/product\/yoast-seo-wordpress\/ -->\n<title>Inicio - A2Z Translate<\/title>\n<meta name=\"robots\" content=\"index, follow, max-snippet:-1, max-image-preview:large, max-video-preview:-1\" \/>\n<link rel=\"canonical\" href=\"https:\/\/a2z-translate.com\/ro\/\" \/>\n<meta property=\"og:locale\" content=\"ro_RO\" \/>\n<meta property=\"og:type\" content=\"article\" \/>\n<meta property=\"og:title\" content=\"Inicio - A2Z Translate\" \/>\n<meta property=\"og:description\" content=\"Traducciones profesionales en las que puedes confiar Servicios de traducci\u00f3n jurada y profesional entre espa\u00f1ol, rumano, ingl\u00e9s y otros idiomas. [&hellip;]\" \/>\n<meta property=\"og:url\" content=\"https:\/\/a2z-translate.com\/ro\/\" \/>\n<meta property=\"og:site_name\" content=\"A2Z Translate\" \/>\n<meta property=\"article:modified_time\" content=\"2026-04-13T15:25:26+00:00\" \/>\n<meta name=\"twitter:card\" content=\"summary_large_image\" \/>\n<meta name=\"twitter:label1\" content=\"Timp estimat pentru citire\" \/>\n\t<meta name=\"twitter:data1\" content=\"1 minut\" \/>\n<script type=\"application\/ld+json\" class=\"yoast-schema-graph\">{\"@context\":\"https:\\\/\\\/schema.org\",\"@graph\":[{\"@type\":\"WebPage\",\"@id\":\"https:\\\/\\\/a2z-translate.com\\\/\",\"url\":\"https:\\\/\\\/a2z-translate.com\\\/\",\"name\":\"Inicio - A2Z Translate\",\"isPartOf\":{\"@id\":\"https:\\\/\\\/blue-ferret-216658.hostingersite.com\\\/#website\"},\"datePublished\":\"2026-04-06T09:33:40+00:00\",\"dateModified\":\"2026-04-13T15:25:26+00:00\",\"breadcrumb\":{\"@id\":\"https:\\\/\\\/a2z-translate.com\\\/#breadcrumb\"},\"inLanguage\":\"ro-RO\",\"potentialAction\":[{\"@type\":\"ReadAction\",\"target\":[\"https:\\\/\\\/a2z-translate.com\\\/\"]}]},{\"@type\":\"BreadcrumbList\",\"@id\":\"https:\\\/\\\/a2z-translate.com\\\/#breadcrumb\",\"itemListElement\":[{\"@type\":\"ListItem\",\"position\":1,\"name\":\"Home\",\"item\":\"https:\\\/\\\/a2z-translate.com\\\/\"},{\"@type\":\"ListItem\",\"position\":2,\"name\":\"Inicio\"}]},{\"@type\":\"WebSite\",\"@id\":\"https:\\\/\\\/blue-ferret-216658.hostingersite.com\\\/#website\",\"url\":\"https:\\\/\\\/blue-ferret-216658.hostingersite.com\\\/\",\"name\":\"A2Z Translate\",\"description\":\"Servicios profesionales de traducci\u00f3n\",\"potentialAction\":[{\"@type\":\"SearchAction\",\"target\":{\"@type\":\"EntryPoint\",\"urlTemplate\":\"https:\\\/\\\/blue-ferret-216658.hostingersite.com\\\/?s={search_term_string}\"},\"query-input\":{\"@type\":\"PropertyValueSpecification\",\"valueRequired\":true,\"valueName\":\"search_term_string\"}}],\"inLanguage\":\"ro-RO\"}]}<\/script>\n<!-- \/ Yoast SEO plugin. -->","yoast_head_json":{"title":"Inicio - A2Z Translate","robots":{"index":"index","follow":"follow","max-snippet":"max-snippet:-1","max-image-preview":"max-image-preview:large","max-video-preview":"max-video-preview:-1"},"canonical":"https:\/\/a2z-translate.com\/ro\/","og_locale":"ro_RO","og_type":"article","og_title":"Inicio - A2Z Translate","og_description":"Traducciones profesionales en las que puedes confiar Servicios de traducci\u00f3n jurada y profesional entre espa\u00f1ol, rumano, ingl\u00e9s y otros idiomas. [&hellip;]","og_url":"https:\/\/a2z-translate.com\/ro\/","og_site_name":"A2Z Translate","article_modified_time":"2026-04-13T15:25:26+00:00","twitter_card":"summary_large_image","twitter_misc":{"Timp estimat pentru citire":"1 minut"},"schema":{"@context":"https:\/\/schema.org","@graph":[{"@type":"WebPage","@id":"https:\/\/a2z-translate.com\/","url":"https:\/\/a2z-translate.com\/","name":"Inicio - A2Z Translate","isPartOf":{"@id":"https:\/\/blue-ferret-216658.hostingersite.com\/#website"},"datePublished":"2026-04-06T09:33:40+00:00","dateModified":"2026-04-13T15:25:26+00:00","breadcrumb":{"@id":"https:\/\/a2z-translate.com\/#breadcrumb"},"inLanguage":"ro-RO","potentialAction":[{"@type":"ReadAction","target":["https:\/\/a2z-translate.com\/"]}]},{"@type":"BreadcrumbList","@id":"https:\/\/a2z-translate.com\/#breadcrumb","itemListElement":[{"@type":"ListItem","position":1,"name":"Home","item":"https:\/\/a2z-translate.com\/"},{"@type":"ListItem","position":2,"name":"Inicio"}]},{"@type":"WebSite","@id":"https:\/\/blue-ferret-216658.hostingersite.com\/#website","url":"https:\/\/blue-ferret-216658.hostingersite.com\/","name":"A2Z Translate","description":"Servicios profesionales de traducci\u00f3n","potentialAction":[{"@type":"SearchAction","target":{"@type":"EntryPoint","urlTemplate":"https:\/\/blue-ferret-216658.hostingersite.com\/?s={search_term_string}"},"query-input":{"@type":"PropertyValueSpecification","valueRequired":true,"valueName":"search_term_string"}}],"inLanguage":"ro-RO"}]}},"_hostinger_reach_plugin_has_subscription_block":false,"_hostinger_reach_plugin_is_elementor":false,"_links":{"self":[{"href":"https:\/\/a2z-translate.com\/ro\/wp-json\/wp\/v2\/pages\/10","targetHints":{"allow":["GET"]}}],"collection":[{"href":"https:\/\/a2z-translate.com\/ro\/wp-json\/wp\/v2\/pages"}],"about":[{"href":"https:\/\/a2z-translate.com\/ro\/wp-json\/wp\/v2\/types\/page"}],"author":[{"embeddable":true,"href":"https:\/\/a2z-translate.com\/ro\/wp-json\/wp\/v2\/users\/1"}],"replies":[{"embeddable":true,"href":"https:\/\/a2z-translate.com\/ro\/wp-json\/wp\/v2\/comments?post=10"}],"version-history":[{"count":13,"href":"https:\/\/a2z-translate.com\/ro\/wp-json\/wp\/v2\/pages\/10\/revisions"}],"predecessor-version":[{"id":54,"href":"https:\/\/a2z-translate.com\/ro\/wp-json\/wp\/v2\/pages\/10\/revisions\/54"}],"wp:attachment":[{"href":"https:\/\/a2z-translate.com\/ro\/wp-json\/wp\/v2\/media?parent=10"}],"curies":[{"name":"wp","href":"https:\/\/api.w.org\/{rel}","templated":true}]}}